{"id":1596,"date":"2024-05-30T09:36:15","date_gmt":"2024-05-30T07:36:15","guid":{"rendered":"https:\/\/www.camping-lecolporteur.com\/kontakt\/"},"modified":"2024-08-16T17:02:27","modified_gmt":"2024-08-16T15:02:27","slug":"kontakt","status":"publish","type":"page","link":"https:\/\/www.camping-lecolporteur.com\/de\/kontakt\/","title":{"rendered":"Kontakt"},"content":{"rendered":"\n<div class=\"is-layout-flow wp-block-group alignfull diaporama-header T-05\"><div class=\"fc-galerie fc-auto \"  style=\"\"  ><figure class=\"fc-galerie__item fc-auto f-carousel__slide \" style=\"\"><picture><source srcset=\"https:\/\/www.camping-lecolporteur.com\/wp-content\/uploads\/2024\/07\/place-camping-familial-montagne-Alpe-dHuez-bourg-doisans-600x305.jpg\" media=\"(max-width: 211px)\"><source srcset=\"https:\/\/www.camping-lecolporteur.com\/wp-content\/uploads\/2024\/07\/place-camping-familial-montagne-Alpe-dHuez-bourg-doisans-415x580.jpg\" media=\"(max-width: 416px)\"><source srcset=\"https:\/\/www.camping-lecolporteur.com\/wp-content\/uploads\/2024\/07\/place-camping-familial-montagne-Alpe-dHuez-bourg-doisans-800x407.jpg\" media=\"(max-width: 421px)\"><source srcset=\"https:\/\/www.camping-lecolporteur.com\/wp-content\/uploads\/2024\/07\/place-camping-familial-montagne-Alpe-dHuez-bourg-doisans-1024x521.jpg\" media=\"(max-width: 1025px)\"><source srcset=\"https:\/\/www.camping-lecolporteur.com\/wp-content\/uploads\/2024\/07\/place-camping-familial-montagne-Alpe-dHuez-bourg-doisans.jpg\" media=\"(min-width: 1026px)\"><img decoding=\"async\" loading=\"lazy\" width=\"415\" height=\"210\" src=\"https:\/\/www.camping-lecolporteur.com\/wp-content\/uploads\/2024\/07\/place-camping-familial-montagne-Alpe-dHuez-bourg-doisans-600x305.jpg\" alt=\"location mobil home Alpe d&#039;Huez\" title=\"\"><\/picture><\/figure><\/div>\n\n\n<div class=\"is-layout-constrained wp-block-group\"><\/div>\n\n\n<figure class=\"deco--ligne-v fc-auto \" style=\"\"  ><picture><source srcset=\"https:\/\/www.camping-lecolporteur.com\/wp-content\/uploads\/2024\/06\/ligne-v.svg\" media=\"(max-width: 211px)\"><source srcset=\"https:\/\/www.camping-lecolporteur.com\/wp-content\/uploads\/2024\/06\/ligne-v.svg\" media=\"(max-width: 421px)\"><source srcset=\"https:\/\/www.camping-lecolporteur.com\/wp-content\/uploads\/2024\/06\/ligne-v.svg\" media=\"(max-width: 1025px)\"><source srcset=\"https:\/\/www.camping-lecolporteur.com\/wp-content\/uploads\/2024\/06\/ligne-v.svg\" media=\"(min-width: 1026px)\"><img decoding=\"async\" loading=\"lazy\" width=\"420\" height=\"210\" src=\"https:\/\/www.camping-lecolporteur.com\/wp-content\/uploads\/2024\/06\/ligne-v.svg\" alt=\"\" title=\"\"><\/picture><\/figure>\n\n<figure class=\"deco--vague-header fc-auto \" style=\"\"  ><picture><source srcset=\"https:\/\/www.camping-lecolporteur.com\/wp-content\/uploads\/2024\/06\/vague-b2.svg\" media=\"(max-width: 211px)\"><source srcset=\"https:\/\/www.camping-lecolporteur.com\/wp-content\/uploads\/2024\/06\/vague-b2.svg\" media=\"(max-width: 421px)\"><source srcset=\"https:\/\/www.camping-lecolporteur.com\/wp-content\/uploads\/2024\/06\/vague-b2.svg\" media=\"(max-width: 1025px)\"><source srcset=\"https:\/\/www.camping-lecolporteur.com\/wp-content\/uploads\/2024\/06\/vague-b2.svg\" media=\"(min-width: 1026px)\"><img decoding=\"async\" loading=\"lazy\" width=\"420\" height=\"210\" src=\"https:\/\/www.camping-lecolporteur.com\/wp-content\/uploads\/2024\/06\/vague-b2.svg\" alt=\"\" title=\"\"><\/picture><\/figure><\/div>\n\n\n\n<div class=\"is-layout-constrained wp-block-group\">\n<h1 class=\"has-text-align-center\" id=\"contact-acces\">Kontakt &amp; Anreise<\/h1>\n\n\n\n<h2 class=\"has-text-align-center has-vert-color has-text-color\" id=\"nous-contacter\">Kontaktieren Sie uns<\/h2>\n\n\n\n<p class=\"has-text-align-center\">F\u00fcr Fragen oder Buchungsanfragen k\u00f6nnen Sie uns erreichen:<\/p>\n\n\n\n<p class=\"has-text-align-center\">Telefonisch unter :  <a itemprop=\"telephone\" href=\"tel:+33482790013\">+33 (0)4 82 79 00 13<\/a><\/p>\n\n\n\n<p class=\"has-text-align-center\">Per E-Mail:  <a itemprop=\"email\" href=\"mailto:lecolporteur@cielavillage.com\">lecolporteur@cielavillage.com<\/a><\/p>\n\n\n\n<h2 class=\"has-text-align-center has-vert-color has-text-color\" id=\"demande-d-informations\">Anfrage f\u00fcr ein Angebot<\/h2>\n\n\n\n<p class=\"has-text-align-center\">F\u00fcr weitere Informationen oder Ausk\u00fcnfte \u00fcber die <strong>Buchung einer Unterkunft oder eines Stellplatzes<\/strong> f\u00fcllen Sie bitte die folgenden Felder aus:<\/p>\n\n\n\t<div class='ctv-form'>\r\n\t\t<script type=\"text\/javascript\">\r\n\t\tvar customOptions = {\r\n\t\t\tIdentity:{\r\n\t\t\t\tCompanyId: '14',\r\n\t\t\t\tEstablishmentIds: '1722',\r\n\t\t\t\tLanguage: 'de',\r\n\t\t\t\tPolice: 'Open Sans',\r\n\t\t\t\tShowHeader: 'false',\r\n\t\t\t\tHeaderColor: 'e8e8e8',\r\n\t\t\t\tTextColor: '585852',\r\n\t\t\t\tBackgroundColor: 'e8e8e8',\r\n\t\t\t\tPoliceColor: '585852',\r\n\t\t\t\tButtonColor: '585852',\r\n\t\t\t\tHoverColor: 'ffffff'\r\n\t\t\t}\r\n\t\t};\r\n\t\t!function(){var e=new window.CTV.Widget('CRM', 'Estimate', customOptions);\r\n\t\tdocument.write(e.Write()),window.CTV.WidgetsCollection.push(e), e.Send()}();\r\n\t\t<\/script>\r\n\t<\/div>\r\n\t\n<\/div>\n\n\n\n<section id=\"newsletter\" class=\"is-layout-flow wp-block-group deco--lignes\">\n<p class=\"has-text-align-center h2 has-vert-color has-text-color\"><em>Erhalten Sie alle unsere Informationen und Neuigkeiten,<\/em> indem Sie den Newsletter abonnieren<\/p>\n\n\n\t<div class='ctv-newsletter'>\r\n\t\t<h2><em>Anmeldung f\u00fcr den Newsletter<\/em><\/h2>\r\n\t\t<script type=\"text\/javascript\">\r\n\t\t\tvar customOptions = {\r\n\t\t\t\tIdentity:{\r\n\t\t\t\t\tCompanyId: '14',\r\n\t\t\t\t\tEstablishmentIds: '1722',\r\n\t\t\t\t\tLanguage: 'de',\r\n\t\t\t\t\tPolice: 'Open Sans',\r\n\t\t\t\t\tShowHeader: 'false',\r\n\t\t\t\t\tHeaderColor: 'e8e8e8',\r\n\t\t\t\t\tTextColor: '585852',\r\n\t\t\t\t\tBackgroundColor: 'e8e8e8',\r\n\t\t\t\t\tPoliceColor: '585852',\r\n\t\t\t\t\tButtonColor: '585852',\r\n\t\t\t\t\tHoverColor: 'ffffff'\r\n\t\t\t\t}\r\n\t\t\t};\r\n\t\t\t!function(){var e=new window.CTV.Widget('CRM', 'NewsLetter', customOptions);\r\n\t\t\tdocument.write(e.Write()),window.CTV.WidgetsCollection.push(e), e.Send()}();\r\n\t\t<\/script>\r\n\t<\/div>\r\n\t\n<\/section>\n","protected":false},"excerpt":{"rendered":"<p>Kontakt &amp; Anreise Kontaktieren Sie uns F\u00fcr Fragen oder Buchungsanfragen k\u00f6nnen Sie uns erreichen: Telefonisch unter : Per E-Mail: Anfrage f\u00fcr ein Angebot F\u00fcr weitere Informationen oder Ausk\u00fcnfte \u00fcber die Buchung einer Unterkunft oder eines Stellplatzes f\u00fcllen Sie bitte die folgenden Felder aus: Erhalten Sie alle unsere Informationen und Neuigkeiten, indem Sie den Newsletter abonnieren<\/p>\n","protected":false},"author":1,"featured_media":0,"parent":0,"menu_order":0,"comment_status":"closed","ping_status":"closed","template":"","meta":[],"acf":[],"_links":{"self":[{"href":"https:\/\/www.camping-lecolporteur.com\/de\/wp-json\/wp\/v2\/pages\/1596"}],"collection":[{"href":"https:\/\/www.camping-lecolporteur.com\/de\/wp-json\/wp\/v2\/pages"}],"about":[{"href":"https:\/\/www.camping-lecolporteur.com\/de\/wp-json\/wp\/v2\/types\/page"}],"author":[{"embeddable":true,"href":"https:\/\/www.camping-lecolporteur.com\/de\/wp-json\/wp\/v2\/users\/1"}],"replies":[{"embeddable":true,"href":"https:\/\/www.camping-lecolporteur.com\/de\/wp-json\/wp\/v2\/comments?post=1596"}],"version-history":[{"count":6,"href":"https:\/\/www.camping-lecolporteur.com\/de\/wp-json\/wp\/v2\/pages\/1596\/revisions"}],"predecessor-version":[{"id":1991,"href":"https:\/\/www.camping-lecolporteur.com\/de\/wp-json\/wp\/v2\/pages\/1596\/revisions\/1991"}],"wp:attachment":[{"href":"https:\/\/www.camping-lecolporteur.com\/de\/wp-json\/wp\/v2\/media?parent=1596"}],"curies":[{"name":"wp","href":"https:\/\/api.w.org\/{rel}","templated":true}]}}